{"id":7075,"date":"2018-05-17T10:47:13","date_gmt":"2018-05-17T08:47:13","guid":{"rendered":"https:\/\/www.profitservices.se\/?page_id=7075"},"modified":"2019-06-25T11:11:24","modified_gmt":"2019-06-25T09:11:24","slug":"vara-tjanster","status":"publish","type":"page","link":"https:\/\/www.profitservices.se\/sv\/vara-tjanster\/","title":{"rendered":"V\u00e5ra Tj\u00e4nster."},"content":{"rendered":"<p>[et_pb_section fb_built=&#8221;1&#8243; _builder_version=&#8221;3.24.1&#8243; background_image=&#8221;https:\/\/www.profitservices.se\/wp-content\/uploads\/2019\/06\/testhead.jpg&#8221; custom_padding=&#8221;4%||1%|&#8221; custom_css_after=&#8221;background: rgba(15,15,15,0.7);||content:%22%22;||position: absolute;||left: 0; top: 0; right: 0; bottom: 0;&#8221; global_module=&#8221;5471&#8243;][et_pb_row use_custom_gutter=&#8221;on&#8221; gutter_width=&#8221;1&#8243; custom_padding=&#8221;0px||0px|&#8221; custom_padding_tablet=&#8221;50px||50px|&#8221; column_padding_mobile=&#8221;on&#8221; custom_padding_last_edited=&#8221;on|tablet&#8221; parallax_method_1=&#8221;off&#8221; admin_label=&#8221;row&#8221; module_class=&#8221; et_pb_row_fullwidth&#8221; _builder_version=&#8221;3.22.3&#8243; background_size=&#8221;initial&#8221; background_position=&#8221;top_left&#8221; background_repeat=&#8221;repeat&#8221; width=&#8221;100%&#8221; width_tablet=&#8221;100%&#8221; width_last_edited=&#8221;on|desktop&#8221; max_width=&#8221;100%&#8221; max_width_tablet=&#8221;100%&#8221; max_width_last_edited=&#8221;on|desktop&#8221; custom_css_main_element=&#8221;z-index: 3;&#8221; make_fullwidth=&#8221;on&#8221;][et_pb_column type=&#8221;4_4&#8243; _builder_version=&#8221;3.0.47&#8243;][et_pb_post_title meta=&#8221;off&#8221; featured_image=&#8221;off&#8221; text_color=&#8221;light&#8221; _builder_version=&#8221;3.0.106&#8243; title_font_size=&#8221;64px&#8221; parallax=&#8221;on&#8221; text_orientation=&#8221;center&#8221; title_font_size_tablet=&#8221;56px&#8221; title_font_size_phone=&#8221;42px&#8221; title_font_size_last_edited=&#8221;on|phone&#8221; use_border_color=&#8221;off&#8221;][\/et_pb_post_title][\/et_pb_column][\/et_pb_row][\/et_pb_section][et_pb_section fb_built=&#8221;1&#8243; _builder_version=&#8221;3.22.3&#8243; custom_padding=&#8221;||2px|||&#8221;][et_pb_row use_custom_gutter=&#8221;on&#8221; gutter_width=&#8221;1&#8243; custom_padding=&#8221;100px|150px|100px|150px||&#8221; custom_margin=&#8221;-60px|auto||auto||&#8221; make_equal=&#8221;on&#8221; _builder_version=&#8221;3.24.1&#8243; background_color=&#8221;#393939&#8243; width=&#8221;100%&#8221; max_width=&#8221;2560px&#8221; hover_enabled=&#8221;0&#8243; custom_margin_last_edited=&#8221;on|phone&#8221; custom_padding_last_edited=&#8221;on|desktop&#8221; custom_padding_phone=&#8221;40px|20px|40px|20px&#8221;][et_pb_column type=&#8221;4_4&#8243; _builder_version=&#8221;3.0.47&#8243;][et_pb_text _builder_version=&#8221;3.24.1&#8243; text_font=&#8221;||||||||&#8221; text_text_color=&#8221;#ffffff&#8221; background_size=&#8221;initial&#8221; background_position=&#8221;top_left&#8221; background_repeat=&#8221;repeat&#8221; use_border_color=&#8221;off&#8221;]<\/p>\n<p>Profit Services \u00e4r ett serviceorienterat och h\u00f6gkompetent tj\u00e4nstebolag inom IT. Vi fokuserar p\u00e5 att skapa aff\u00e4rsnytta och v\u00e4rde till v\u00e5ra kunder genom att leverera de IT-specialister och IT-l\u00f6sningar som g\u00f6r skillnaden, de som svarar upp mot verksamhetens h\u00f6gt st\u00e4llda krav och aff\u00e4rsm\u00e5l.<\/p>\n<p>V\u00e5ra tj\u00e4nster och l\u00f6sningar bygger p\u00e5 h\u00f6g specialistkompetens inom aktuella teknikomr\u00e5den, i kombination med en stor erfarenhetsbank och kompetens inom ett flertal olika branscher och verksamheter.<\/p>\n<p>Vi levererar g\u00e4rna de specialisttj\u00e4nster ni beh\u00f6ver p\u00e5 resursbasis, men tar g\u00e4rna \u00e4ven ett helhetsansvar f\u00f6r ett projekt, en funktion eller en process i er organisation.<\/p>\n<p>[\/et_pb_text][\/et_pb_column][\/et_pb_row][et_pb_row use_custom_gutter=&#8221;on&#8221; gutter_width=&#8221;1&#8243; custom_padding=&#8221;0px||0px|||&#8221; custom_margin=&#8221;-3px|auto||auto||&#8221; make_equal=&#8221;on&#8221; background_color_1=&#8221;#ffffff&#8221; bg_img_2=&#8221;https:\/\/www.profitservices.se\/wp-content\/uploads\/2019\/06\/2.jpg&#8221; padding_top_1=&#8221;200px&#8221; padding_top_2=&#8221;100px&#8221; padding_right_1=&#8221;200px&#8221; padding_right_2=&#8221;100px&#8221; padding_bottom_1=&#8221;200px&#8221; padding_bottom_2=&#8221;100px&#8221; padding_left_1=&#8221;200px&#8221; padding_left_2=&#8221;100px&#8221; padding_1_phone=&#8221;20px|20px|20px|20px&#8221; padding_2_phone=&#8221;100px|100px|100px|100px&#8221; padding_1_last_edited=&#8221;on|phone&#8221; padding_2_last_edited=&#8221;on|phone&#8221; custom_css_main_1=&#8221;display:flex;||flex-direction:column;||justify-content:center;&#8221; _builder_version=&#8221;3.24.1&#8243; width=&#8221;100%&#8221; max_width=&#8221;2560px&#8221;][et_pb_column type=&#8221;1_2&#8243; _builder_version=&#8221;3.24.1&#8243;][et_pb_text _builder_version=&#8221;3.24.1&#8243; text_font=&#8221;||||||||&#8221; text_text_color=&#8221;#393939&#8243; header_font=&#8221;||||||||&#8221; header_2_font=&#8221;||||||||&#8221; header_2_text_color=&#8221;#393939&#8243; custom_margin=&#8221;31px||39px|||&#8221;]<\/p>\n<h2><strong>Konsulttj\u00e4nster, roller:<\/strong><\/h2>\n<ul>\n<li>IT-ledning<\/li>\n<li>Verksamhetsarkitektur (EA)<\/li>\n<li>F\u00f6rstudier \/ analyser \/ best\u00e4llarst\u00f6d<\/li>\n<li>Projektledning<\/li>\n<li>IT-arkitektur<\/li>\n<li>Systemutveckling<\/li>\n<\/ul>\n<p>[\/et_pb_text][\/et_pb_column][et_pb_column type=&#8221;1_2&#8243; _builder_version=&#8221;3.24.1&#8243;][et_pb_text _builder_version=&#8221;3.24.1&#8243;][\/et_pb_text][\/et_pb_column][\/et_pb_row][et_pb_row use_custom_gutter=&#8221;on&#8221; gutter_width=&#8221;1&#8243; custom_padding=&#8221;0px||0px|||&#8221; custom_margin=&#8221;0px|auto||auto||&#8221; make_equal=&#8221;on&#8221; background_color_1=&#8221;#828282&#8243; background_color_2=&#8221;#393939&#8243; bg_img_1=&#8221;https:\/\/www.profitservices.se\/wp-content\/uploads\/2019\/06\/5.jpg&#8221; parallax_1=&#8221;on&#8221; padding_top_1=&#8221;100px&#8221; padding_top_2=&#8221;200px&#8221; padding_right_1=&#8221;100px&#8221; padding_right_2=&#8221;200px&#8221; padding_bottom_1=&#8221;100px&#8221; padding_bottom_2=&#8221;200px&#8221; padding_left_1=&#8221;100px&#8221; padding_left_2=&#8221;200px&#8221; padding_1_phone=&#8221;0px|0px|0px|0px&#8221; padding_2_phone=&#8221;20px|20px|20px|20px&#8221; padding_1_last_edited=&#8221;on|phone&#8221; padding_2_last_edited=&#8221;on|phone&#8221; custom_css_main_1=&#8221;display:flex;||flex-direction:column;||justify-content:center;&#8221; _builder_version=&#8221;3.24.1&#8243; width=&#8221;100%&#8221; max_width=&#8221;2560px&#8221;][et_pb_column type=&#8221;1_2&#8243; _builder_version=&#8221;3.24.1&#8243;][et_pb_text _builder_version=&#8221;3.24.1&#8243;][\/et_pb_text][\/et_pb_column][et_pb_column type=&#8221;1_2&#8243; _builder_version=&#8221;3.24.1&#8243;][et_pb_text _builder_version=&#8221;3.24.1&#8243; text_font=&#8221;||||||||&#8221; text_text_color=&#8221;#ffffff&#8221; header_font=&#8221;||||||||&#8221; header_2_font=&#8221;||||||||&#8221; header_2_text_color=&#8221;#ffffff&#8221; custom_margin=&#8221;33px||18px|||&#8221;]<\/p>\n<h2><strong>Verksamhetsspecifik kompetens:<\/strong><\/h2>\n<ul>\n<li>Detaljhandel<\/li>\n<li>Distanshandel<\/li>\n<li>Bank \/ finans \/ f\u00f6rs\u00e4kring<\/li>\n<li>Basindustri<\/li>\n<li>H\u00e4lso- &amp; sjukv\u00e5rd<\/li>\n<li>Offentlig verksamhet<\/li>\n<li>Telemarketing<\/li>\n<\/ul>\n<p>[\/et_pb_text][\/et_pb_column][\/et_pb_row][et_pb_row use_custom_gutter=&#8221;on&#8221; gutter_width=&#8221;1&#8243; custom_padding=&#8221;0px||0px|||&#8221; custom_margin=&#8221;0px|auto|-7px|auto||&#8221; make_equal=&#8221;on&#8221; background_color_1=&#8221;#ffffff&#8221; bg_img_2=&#8221;https:\/\/www.profitservices.se\/wp-content\/uploads\/2019\/06\/3.jpg&#8221; padding_top_1=&#8221;200px&#8221; padding_top_2=&#8221;100px&#8221; padding_right_1=&#8221;200px&#8221; padding_right_2=&#8221;100px&#8221; padding_bottom_1=&#8221;200px&#8221; padding_bottom_2=&#8221;100px&#8221; padding_left_1=&#8221;200px&#8221; padding_left_2=&#8221;100px&#8221; padding_1_phone=&#8221;20px|20px|20px|20px&#8221; padding_2_phone=&#8221;100px|100px|100px|100px&#8221; padding_1_last_edited=&#8221;on|phone&#8221; padding_2_last_edited=&#8221;on|phone&#8221; custom_css_main_1=&#8221;display:flex;||flex-direction:column;||justify-content:center;&#8221; _builder_version=&#8221;3.24.1&#8243; width=&#8221;100%&#8221; max_width=&#8221;2560px&#8221;][et_pb_column type=&#8221;1_2&#8243; _builder_version=&#8221;3.24.1&#8243;][et_pb_text _builder_version=&#8221;3.24.1&#8243; text_font=&#8221;||||||||&#8221; text_text_color=&#8221;#393939&#8243; header_font=&#8221;||||||||&#8221; header_2_font=&#8221;||||||||&#8221; header_2_text_color=&#8221;#393939&#8243; custom_margin=&#8221;31px||39px|||&#8221;]<\/p>\n<h2><strong>Teknisk specialistkompetens:<\/strong><\/h2>\n<ul>\n<li>E-handel<\/li>\n<li>Systemintegration \/ B2B<\/li>\n<li>Tj\u00e4nsteorientering (SOA)<\/li>\n<li>Webbutveckling<\/li>\n<li>Microsoft-plattformen<\/li>\n<li>Mainframe-plattformen<\/li>\n<\/ul>\n<p>[\/et_pb_text][\/et_pb_column][et_pb_column type=&#8221;1_2&#8243; _builder_version=&#8221;3.24.1&#8243;][et_pb_text _builder_version=&#8221;3.24.1&#8243;][\/et_pb_text][\/et_pb_column][\/et_pb_row][\/et_pb_section][et_pb_section fb_built=&#8221;1&#8243; module_id=&#8221;footer_rad&#8221; _builder_version=&#8221;3.24.1&#8243; background_color=&#8221;#393939&#8243; border_width_top=&#8221;1px&#8221; border_color_top=&#8221;#878787&#8243; min_height=&#8221;413px&#8221; custom_margin=&#8221;0px||0px&#8221; global_module=&#8221;6173&#8243;][et_pb_row use_custom_gutter=&#8221;on&#8221; gutter_width=&#8221;1&#8243; _builder_version=&#8221;3.24.1&#8243; background_size=&#8221;initial&#8221; background_position=&#8221;top_left&#8221; background_repeat=&#8221;repeat&#8221; width=&#8221;90%&#8221; max_width=&#8221;2560px&#8221;][et_pb_column type=&#8221;1_3&#8243; _builder_version=&#8221;3.0.47&#8243;][et_pb_image src=&#8221;https:\/\/www.profitservices.se\/wp-content\/uploads\/2019\/06\/header_logo_vit.png&#8221; _builder_version=&#8221;3.24.1&#8243;][\/et_pb_image][\/et_pb_column][et_pb_column type=&#8221;1_3&#8243; _builder_version=&#8221;3.0.47&#8243;][et_pb_text _builder_version=&#8221;3.24.1&#8243; text_font=&#8221;Oswald|||on|||||&#8221; text_text_color=&#8221;#ffffff&#8221; text_font_size=&#8221;24px&#8221;]<\/p>\n<p>F\u00f6lj oss p\u00e5 Sociala medier<\/p>\n<p>[\/et_pb_text][et_pb_social_media_follow module_id=&#8221;social-bottom&#8221; _builder_version=&#8221;3.24.1&#8243; text_orientation=&#8221;left&#8221; background_layout=&#8221;dark&#8221;][et_pb_social_media_follow_network social_network=&#8221;facebook&#8221; url=&#8221;https:\/\/www.facebook.com\/pages\/Profit-Services\/175666305839926&#8243; _builder_version=&#8221;3.0.106&#8243; background_color=&#8221;#3b5998&#8243; follow_button=&#8221;off&#8221; url_new_window=&#8221;on&#8221;]<\/p>\n<p>Facebook<\/p>\n<p>[\/et_pb_social_media_follow_network][et_pb_social_media_follow_network social_network=&#8221;linkedin&#8221; url=&#8221;https:\/\/www.linkedin.com\/company\/profit-services\/&#8221; _builder_version=&#8221;3.0.106&#8243; background_color=&#8221;#007bb6&#8243; follow_button=&#8221;off&#8221; url_new_window=&#8221;on&#8221;]<\/p>\n<p>LinkedIn<\/p>\n<p>[\/et_pb_social_media_follow_network][\/et_pb_social_media_follow][\/et_pb_column][et_pb_column type=&#8221;1_3&#8243; _builder_version=&#8221;3.0.47&#8243;][et_pb_text _builder_version=&#8221;3.24.1&#8243; text_font=&#8221;Oswald|||on|||||&#8221; text_text_color=&#8221;#ffffff&#8221; text_font_size=&#8221;24px&#8221;]<\/p>\n<p>Kontakta oss<\/p>\n<p>[\/et_pb_text][et_pb_text _builder_version=&#8221;3.24.1&#8243; text_font=&#8221;Roboto||||||||&#8221; header_2_text_color=&#8221;#878787&#8243; header_2_font_size=&#8221;24px&#8221; header_3_text_color=&#8221;#333333&#8243; header_3_font_size=&#8221;44px&#8221; text_orientation=&#8221;center&#8221; background_layout=&#8221;dark&#8221; module_alignment=&#8221;center&#8221; header_2_font_size_phone=&#8221;22px&#8221; header_2_font_size_last_edited=&#8221;on|desktop&#8221; header_3_font_size_phone=&#8221;36px&#8221; header_3_font_size_last_edited=&#8221;on|phone&#8221;]<\/p>\n<p style=\"text-align: left;\"><a href=\"tel:+46768825865\">+46 (0)768 825865<\/a><\/p>\n<p style=\"text-align: left;\">info@profitservices.se<br \/>\u00c5sbogatan 8<br \/>50336 Bor\u00e5s<\/p>\n<p>[\/et_pb_text][\/et_pb_column][\/et_pb_row][\/et_pb_section]<\/p>\n","protected":false},"excerpt":{"rendered":"<p>Profit Services \u00e4r ett serviceorienterat och h\u00f6gkompetent tj\u00e4nstebolag inom IT. Vi fokuserar p\u00e5 att skapa aff\u00e4rsnytta och v\u00e4rde till v\u00e5ra kunder genom att leverera de IT-specialister och IT-l\u00f6sningar som g\u00f6r skillnaden, de som svarar upp mot verksamhetens h\u00f6gt st\u00e4llda krav och aff\u00e4rsm\u00e5l. V\u00e5ra tj\u00e4nster och l\u00f6sningar bygger p\u00e5 h\u00f6g specialistkompetens inom aktuella teknikomr\u00e5den, i kombination [&hellip;]<\/p>\n","protected":false},"author":1,"featured_media":0,"parent":0,"menu_order":0,"comment_status":"closed","ping_status":"closed","template":"","meta":{"_et_pb_use_builder":"on","_et_pb_old_content":"","_et_gb_content_width":"","footnotes":""},"class_list":["post-7075","page","type-page","status-publish","hentry"],"yoast_head":"<!-- This site is optimized with the Yoast SEO plugin v27.6 - https:\/\/yoast.com\/product\/yoast-seo-wordpress\/ -->\n<title>V\u00e5ra Tj\u00e4nster. - Profit Services<\/title>\n<meta name=\"robots\" content=\"index, follow, max-snippet:-1, max-image-preview:large, max-video-preview:-1\" \/>\n<link rel=\"canonical\" href=\"https:\/\/www.profitservices.se\/sv\/vara-tjanster\/\" \/>\n<meta property=\"og:locale\" content=\"sv_SE\" \/>\n<meta property=\"og:type\" content=\"article\" \/>\n<meta property=\"og:title\" content=\"V\u00e5ra Tj\u00e4nster. - Profit Services\" \/>\n<meta property=\"og:description\" content=\"Profit Services \u00e4r ett serviceorienterat och h\u00f6gkompetent tj\u00e4nstebolag inom IT. Vi fokuserar p\u00e5 att skapa aff\u00e4rsnytta och v\u00e4rde till v\u00e5ra kunder genom att leverera de IT-specialister och IT-l\u00f6sningar som g\u00f6r skillnaden, de som svarar upp mot verksamhetens h\u00f6gt st\u00e4llda krav och aff\u00e4rsm\u00e5l. V\u00e5ra tj\u00e4nster och l\u00f6sningar bygger p\u00e5 h\u00f6g specialistkompetens inom aktuella teknikomr\u00e5den, i kombination [&hellip;]\" \/>\n<meta property=\"og:url\" content=\"https:\/\/www.profitservices.se\/sv\/vara-tjanster\/\" \/>\n<meta property=\"og:site_name\" content=\"Profit Services\" \/>\n<meta property=\"article:modified_time\" content=\"2019-06-25T09:11:24+00:00\" \/>\n<meta name=\"twitter:card\" content=\"summary_large_image\" \/>\n<meta name=\"twitter:label1\" content=\"Ber\u00e4knad l\u00e4stid\" \/>\n\t<meta name=\"twitter:data1\" content=\"6 minuter\" \/>\n<script type=\"application\/ld+json\" class=\"yoast-schema-graph\">{\"@context\":\"https:\\\/\\\/schema.org\",\"@graph\":[{\"@type\":\"WebPage\",\"@id\":\"https:\\\/\\\/www.profitservices.se\\\/sv\\\/vara-tjanster\\\/\",\"url\":\"https:\\\/\\\/www.profitservices.se\\\/sv\\\/vara-tjanster\\\/\",\"name\":\"V\u00e5ra Tj\u00e4nster. - Profit Services\",\"isPartOf\":{\"@id\":\"https:\\\/\\\/www.profitservices.se\\\/#website\"},\"datePublished\":\"2018-05-17T08:47:13+00:00\",\"dateModified\":\"2019-06-25T09:11:24+00:00\",\"breadcrumb\":{\"@id\":\"https:\\\/\\\/www.profitservices.se\\\/sv\\\/vara-tjanster\\\/#breadcrumb\"},\"inLanguage\":\"sv-SE\",\"potentialAction\":[{\"@type\":\"ReadAction\",\"target\":[\"https:\\\/\\\/www.profitservices.se\\\/sv\\\/vara-tjanster\\\/\"]}]},{\"@type\":\"BreadcrumbList\",\"@id\":\"https:\\\/\\\/www.profitservices.se\\\/sv\\\/vara-tjanster\\\/#breadcrumb\",\"itemListElement\":[{\"@type\":\"ListItem\",\"position\":1,\"name\":\"Hem\",\"item\":\"https:\\\/\\\/www.profitservices.se\\\/sv\\\/\"},{\"@type\":\"ListItem\",\"position\":2,\"name\":\"V\u00e5ra Tj\u00e4nster.\"}]},{\"@type\":\"WebSite\",\"@id\":\"https:\\\/\\\/www.profitservices.se\\\/#website\",\"url\":\"https:\\\/\\\/www.profitservices.se\\\/\",\"name\":\"Profit Services\",\"description\":\"\",\"publisher\":{\"@id\":\"https:\\\/\\\/www.profitservices.se\\\/#organization\"},\"potentialAction\":[{\"@type\":\"SearchAction\",\"target\":{\"@type\":\"EntryPoint\",\"urlTemplate\":\"https:\\\/\\\/www.profitservices.se\\\/?s={search_term_string}\"},\"query-input\":{\"@type\":\"PropertyValueSpecification\",\"valueRequired\":true,\"valueName\":\"search_term_string\"}}],\"inLanguage\":\"sv-SE\"},{\"@type\":\"Organization\",\"@id\":\"https:\\\/\\\/www.profitservices.se\\\/#organization\",\"name\":\"Profit Services\",\"url\":\"https:\\\/\\\/www.profitservices.se\\\/\",\"logo\":{\"@type\":\"ImageObject\",\"inLanguage\":\"sv-SE\",\"@id\":\"https:\\\/\\\/www.profitservices.se\\\/#\\\/schema\\\/logo\\\/image\\\/\",\"url\":\"https:\\\/\\\/www.profitservices.se\\\/wp-content\\\/uploads\\\/2021\\\/04\\\/Profit-logo-gronvit.png\",\"contentUrl\":\"https:\\\/\\\/www.profitservices.se\\\/wp-content\\\/uploads\\\/2021\\\/04\\\/Profit-logo-gronvit.png\",\"width\":566,\"height\":257,\"caption\":\"Profit Services\"},\"image\":{\"@id\":\"https:\\\/\\\/www.profitservices.se\\\/#\\\/schema\\\/logo\\\/image\\\/\"}}]}<\/script>\n<!-- \/ Yoast SEO plugin. -->","yoast_head_json":{"title":"V\u00e5ra Tj\u00e4nster. - Profit Services","robots":{"index":"index","follow":"follow","max-snippet":"max-snippet:-1","max-image-preview":"max-image-preview:large","max-video-preview":"max-video-preview:-1"},"canonical":"https:\/\/www.profitservices.se\/sv\/vara-tjanster\/","og_locale":"sv_SE","og_type":"article","og_title":"V\u00e5ra Tj\u00e4nster. - Profit Services","og_description":"Profit Services \u00e4r ett serviceorienterat och h\u00f6gkompetent tj\u00e4nstebolag inom IT. Vi fokuserar p\u00e5 att skapa aff\u00e4rsnytta och v\u00e4rde till v\u00e5ra kunder genom att leverera de IT-specialister och IT-l\u00f6sningar som g\u00f6r skillnaden, de som svarar upp mot verksamhetens h\u00f6gt st\u00e4llda krav och aff\u00e4rsm\u00e5l. V\u00e5ra tj\u00e4nster och l\u00f6sningar bygger p\u00e5 h\u00f6g specialistkompetens inom aktuella teknikomr\u00e5den, i kombination [&hellip;]","og_url":"https:\/\/www.profitservices.se\/sv\/vara-tjanster\/","og_site_name":"Profit Services","article_modified_time":"2019-06-25T09:11:24+00:00","twitter_card":"summary_large_image","twitter_misc":{"Ber\u00e4knad l\u00e4stid":"6 minuter"},"schema":{"@context":"https:\/\/schema.org","@graph":[{"@type":"WebPage","@id":"https:\/\/www.profitservices.se\/sv\/vara-tjanster\/","url":"https:\/\/www.profitservices.se\/sv\/vara-tjanster\/","name":"V\u00e5ra Tj\u00e4nster. - Profit Services","isPartOf":{"@id":"https:\/\/www.profitservices.se\/#website"},"datePublished":"2018-05-17T08:47:13+00:00","dateModified":"2019-06-25T09:11:24+00:00","breadcrumb":{"@id":"https:\/\/www.profitservices.se\/sv\/vara-tjanster\/#breadcrumb"},"inLanguage":"sv-SE","potentialAction":[{"@type":"ReadAction","target":["https:\/\/www.profitservices.se\/sv\/vara-tjanster\/"]}]},{"@type":"BreadcrumbList","@id":"https:\/\/www.profitservices.se\/sv\/vara-tjanster\/#breadcrumb","itemListElement":[{"@type":"ListItem","position":1,"name":"Hem","item":"https:\/\/www.profitservices.se\/sv\/"},{"@type":"ListItem","position":2,"name":"V\u00e5ra Tj\u00e4nster."}]},{"@type":"WebSite","@id":"https:\/\/www.profitservices.se\/#website","url":"https:\/\/www.profitservices.se\/","name":"Profit Services","description":"","publisher":{"@id":"https:\/\/www.profitservices.se\/#organization"},"potentialAction":[{"@type":"SearchAction","target":{"@type":"EntryPoint","urlTemplate":"https:\/\/www.profitservices.se\/?s={search_term_string}"},"query-input":{"@type":"PropertyValueSpecification","valueRequired":true,"valueName":"search_term_string"}}],"inLanguage":"sv-SE"},{"@type":"Organization","@id":"https:\/\/www.profitservices.se\/#organization","name":"Profit Services","url":"https:\/\/www.profitservices.se\/","logo":{"@type":"ImageObject","inLanguage":"sv-SE","@id":"https:\/\/www.profitservices.se\/#\/schema\/logo\/image\/","url":"https:\/\/www.profitservices.se\/wp-content\/uploads\/2021\/04\/Profit-logo-gronvit.png","contentUrl":"https:\/\/www.profitservices.se\/wp-content\/uploads\/2021\/04\/Profit-logo-gronvit.png","width":566,"height":257,"caption":"Profit Services"},"image":{"@id":"https:\/\/www.profitservices.se\/#\/schema\/logo\/image\/"}}]}},"_links":{"self":[{"href":"https:\/\/www.profitservices.se\/sv\/wp-json\/wp\/v2\/pages\/7075","targetHints":{"allow":["GET"]}}],"collection":[{"href":"https:\/\/www.profitservices.se\/sv\/wp-json\/wp\/v2\/pages"}],"about":[{"href":"https:\/\/www.profitservices.se\/sv\/wp-json\/wp\/v2\/types\/page"}],"author":[{"embeddable":true,"href":"https:\/\/www.profitservices.se\/sv\/wp-json\/wp\/v2\/users\/1"}],"replies":[{"embeddable":true,"href":"https:\/\/www.profitservices.se\/sv\/wp-json\/wp\/v2\/comments?post=7075"}],"version-history":[{"count":41,"href":"https:\/\/www.profitservices.se\/sv\/wp-json\/wp\/v2\/pages\/7075\/revisions"}],"predecessor-version":[{"id":30990,"href":"https:\/\/www.profitservices.se\/sv\/wp-json\/wp\/v2\/pages\/7075\/revisions\/30990"}],"wp:attachment":[{"href":"https:\/\/www.profitservices.se\/sv\/wp-json\/wp\/v2\/media?parent=7075"}],"curies":[{"name":"wp","href":"https:\/\/api.w.org\/{rel}","templated":true}]}}