{"id":403,"date":"2017-02-08T13:51:40","date_gmt":"2017-02-08T12:51:40","guid":{"rendered":"http:\/\/www.dagisherbykommun.se\/?page_id=403"},"modified":"2019-06-28T13:25:37","modified_gmt":"2019-06-28T11:25:37","slug":"fransforlangning-i-boras","status":"publish","type":"page","link":"https:\/\/www.profitservices.se\/sv\/","title":{"rendered":"Hem"},"content":{"rendered":"<p>[et_pb_section fb_built=&#8221;1&#8243; custom_padding_last_edited=&#8221;on|desktop&#8221; admin_label=&#8221;section&#8221; module_class=&#8221;gradient-overlay&#8221; _builder_version=&#8221;3.25.2&#8243; use_background_color_gradient=&#8221;on&#8221; background_color_gradient_start=&#8221;rgba(0,0,0,0.78)&#8221; background_color_gradient_end=&#8221;rgba(255,255,255,0)&#8221; background_image=&#8221;https:\/\/www.profitservices.se\/wp-content\/uploads\/2019\/06\/testheader3.jpg&#8221; parallax=&#8221;on&#8221; custom_padding_tablet=&#8221;50px|0|50px|0&#8243; global_module=&#8221;5457&#8243;][et_pb_row use_custom_gutter=&#8221;on&#8221; gutter_width=&#8221;1&#8243; custom_padding=&#8221;0px|15px|0px|15px&#8221; custom_padding_phone=&#8221;60px|15px|20px|15px&#8221; column_padding_mobile=&#8221;on&#8221; custom_padding_last_edited=&#8221;on|phone&#8221; admin_label=&#8221;row&#8221; module_class=&#8221; et_pb_row_fullwidth et_pb_row_fullwidth&#8221; _builder_version=&#8221;3.25&#8243; background_size=&#8221;initial&#8221; background_position=&#8221;top_left&#8221; background_repeat=&#8221;repeat&#8221; width=&#8221;100%&#8221; width_tablet=&#8221;100%&#8221; width_last_edited=&#8221;on|desktop&#8221; max_width=&#8221;100%&#8221; max_width_tablet=&#8221;100%&#8221; max_width_last_edited=&#8221;on|desktop&#8221; animation_style=&#8221;slide&#8221; animation_direction=&#8221;bottom&#8221; animation_duration=&#8221;2000ms&#8221; custom_css_main_element=&#8221;z-index: 3;&#8221; make_fullwidth=&#8221;on&#8221;][et_pb_column type=&#8221;4_4&#8243; _builder_version=&#8221;3.25&#8243; custom_padding=&#8221;|||&#8221; custom_padding__hover=&#8221;|||&#8221;][et_pb_cta title=&#8221;Ett serviceorienterat och h\u00f6gkompetent tj\u00e4nstebolag inom IT.&#8221; _builder_version=&#8221;3.24.1&#8243; header_level=&#8221;h3&#8243; header_font=&#8221;Oswald||||||||&#8221; header_text_color=&#8221;#ffffff&#8221; header_font_size=&#8221;64&#8243; header_line_height=&#8221;1.2em&#8221; body_font_size=&#8221;19&#8243; body_line_height=&#8221;1.3em&#8221; use_background_color=&#8221;off&#8221; custom_button=&#8221;on&#8221; button_border_width=&#8221;0&#8243; button_border_radius=&#8221;0&#8243; button_icon=&#8221;%%18%%&#8221; button_on_hover=&#8221;off&#8221; custom_padding=&#8221;100px||100px&#8221; animation_style=&#8221;fade&#8221; animation_duration=&#8221;2000ms&#8221; header_font_size_tablet=&#8221;52&#8243; header_font_size_phone=&#8221;25px&#8221; header_font_size_last_edited=&#8221;on|desktop&#8221; custom_css_main_element=&#8221;max-width: 680px;||margin: 0 auto!important;&#8221; saved_tabs=&#8221;all&#8221; button_text_size__hover_enabled=&#8221;off&#8221; button_text_size__hover=&#8221;null&#8221; button_one_text_size__hover_enabled=&#8221;off&#8221; button_one_text_size__hover=&#8221;null&#8221; button_two_text_size__hover_enabled=&#8221;off&#8221; button_two_text_size__hover=&#8221;null&#8221; button_text_color__hover_enabled=&#8221;off&#8221; button_text_color__hover=&#8221;null&#8221; button_one_text_color__hover_enabled=&#8221;off&#8221; button_one_text_color__hover=&#8221;null&#8221; button_two_text_color__hover_enabled=&#8221;off&#8221; button_two_text_color__hover=&#8221;null&#8221; button_border_width__hover_enabled=&#8221;off&#8221; button_border_width__hover=&#8221;null&#8221; button_one_border_width__hover_enabled=&#8221;off&#8221; button_one_border_width__hover=&#8221;null&#8221; button_two_border_width__hover_enabled=&#8221;off&#8221; button_two_border_width__hover=&#8221;null&#8221; button_border_color__hover_enabled=&#8221;off&#8221; button_border_color__hover=&#8221;null&#8221; button_one_border_color__hover_enabled=&#8221;off&#8221; button_one_border_color__hover=&#8221;null&#8221; button_two_border_color__hover_enabled=&#8221;off&#8221; button_two_border_color__hover=&#8221;null&#8221; button_border_radius__hover_enabled=&#8221;on&#8221; button_border_radius__hover=&#8221;0&#8243; button_one_border_radius__hover_enabled=&#8221;off&#8221; button_one_border_radius__hover=&#8221;null&#8221; button_two_border_radius__hover_enabled=&#8221;off&#8221; button_two_border_radius__hover=&#8221;null&#8221; button_letter_spacing__hover_enabled=&#8221;off&#8221; button_letter_spacing__hover=&#8221;null&#8221; button_one_letter_spacing__hover_enabled=&#8221;off&#8221; button_one_letter_spacing__hover=&#8221;null&#8221; button_two_letter_spacing__hover_enabled=&#8221;off&#8221; button_two_letter_spacing__hover=&#8221;null&#8221; button_bg_color__hover_enabled=&#8221;on&#8221; button_bg_color__hover=&#8221;rgba(0,0,0,0)&#8221; button_one_bg_color__hover_enabled=&#8221;off&#8221; button_one_bg_color__hover=&#8221;null&#8221; button_two_bg_color__hover_enabled=&#8221;off&#8221; button_two_bg_color__hover=&#8221;null&#8221;][\/et_pb_cta][\/et_pb_column][\/et_pb_row][\/et_pb_section][et_pb_section fb_built=&#8221;1&#8243; _builder_version=&#8221;3.24.1&#8243; custom_padding=&#8221;0px||0px|||&#8221;][et_pb_row column_structure=&#8221;1_2,1_2&#8243; use_custom_gutter=&#8221;on&#8221; gutter_width=&#8221;1&#8243; custom_padding=&#8221;0px||0px|||&#8221; make_equal=&#8221;on&#8221; _builder_version=&#8221;3.25&#8243; width=&#8221;100%&#8221; max_width=&#8221;2560px&#8221;][et_pb_column type=&#8221;1_2&#8243; _builder_version=&#8221;3.25&#8243; custom_padding=&#8221;200px|120px|200px|120px&#8221; custom_padding_phone=&#8221;40px|40px|40px|40px&#8221; custom_padding_last_edited=&#8221;on|phone&#8221; custom_padding__hover=&#8221;|||&#8221;][et_pb_text _builder_version=&#8221;3.24.1&#8243; text_font=&#8221;Roboto||||||||&#8221; text_text_color=&#8221;#393939&#8243; header_font=&#8221;||||||||&#8221; header_2_font=&#8221;Oswald|300||on|||||&#8221; header_2_text_color=&#8221;#393939&#8243; custom_padding=&#8221;|||0px||&#8221;]<\/p>\n<h2>V\u00c4LKOMMEN.<\/h2>\n<p>Varmt v\u00e4lkommen till Profit Services, ett serviceorienterat och h\u00f6gkompetent tj\u00e4nstebolag inom IT.<\/p>\n<p>Vi hj\u00e4lper dagligen v\u00e5ra kunder genom att leverera de IT-specialister och IT-l\u00f6sningar som g\u00f6r skillnaden, de som svarar upp mot verksamhetens h\u00f6gt st\u00e4llda krav och aff\u00e4rsm\u00e5l.<\/p>\n<p>Varmt v\u00e4lkommen till en IT-leverant\u00f6r vars passionerade hj\u00e4ltar hela tiden str\u00e4cker sig lite l\u00e4ngre, f\u00f6r att g\u00f6ra er mer \u00e4n n\u00f6jda.<\/p>\n<p>[\/et_pb_text][\/et_pb_column][et_pb_column type=&#8221;1_2&#8243; _builder_version=&#8221;3.25&#8243; background_image=&#8221;https:\/\/www.profitservices.se\/wp-content\/uploads\/2019\/06\/start1.jpg&#8221; parallax=&#8221;on&#8221; custom_padding=&#8221;|||&#8221; custom_padding_phone=&#8221;200px||200px&#8221; custom_padding_last_edited=&#8221;on|desktop&#8221; custom_padding__hover=&#8221;|||&#8221;][\/et_pb_column][\/et_pb_row][\/et_pb_section][et_pb_section fb_built=&#8221;1&#8243; custom_padding_last_edited=&#8221;on|phone&#8221; _builder_version=&#8221;3.24.1&#8243; custom_margin=&#8221;||-2px&#8221; custom_padding=&#8221;0px||0px|0px||&#8221; custom_padding_tablet=&#8221;80px||80px|&#8221; custom_padding_phone=&#8221;60px||0px|0px||&#8221;][et_pb_row column_structure=&#8221;1_3,1_3,1_3&#8243; use_custom_gutter=&#8221;on&#8221; gutter_width=&#8221;1&#8243; custom_padding=&#8221;0px|0px|0px|0px&#8221; custom_margin=&#8221;0px|0px|0px|0px&#8221; make_equal=&#8221;on&#8221; module_class=&#8221;blurb-hover&#8221; _builder_version=&#8221;3.25.2&#8243; width=&#8221;100%&#8221; max_width=&#8221;2560px&#8221;][et_pb_column type=&#8221;1_3&#8243; _builder_version=&#8221;3.25&#8243; custom_padding=&#8221;|||&#8221; custom_padding__hover=&#8221;|||&#8221;][et_pb_blurb title=&#8221;verksamhetsspecifik kompetens&#8221; url=&#8221;\/vara-tjanster\/?lang=sv&#8221; module_class=&#8221;zoom-effect&#8221; _builder_version=&#8221;3.25.2&#8243; header_font=&#8221;Oswald|||on|||||&#8221; header_text_align=&#8221;center&#8221; header_text_color=&#8221;#ffffff&#8221; header_font_size=&#8221;28px&#8221; background_image=&#8221;https:\/\/www.profitservices.se\/wp-content\/uploads\/2019\/06\/5.jpg&#8221; border_color_all=&#8221;#ffffff&#8221; border_color_bottom=&#8221;#ffffff&#8221; custom_margin_phone=&#8221;||&#8221; custom_margin_last_edited=&#8221;on|phone&#8221; custom_padding=&#8221;248px|30px|140px|30px||&#8221; link_option_url=&#8221;\/vara-tjanster\/?lang=sv&#8221; background_last_edited=&#8221;off|desktop&#8221; border_radii_last_edited=&#8221;on|desktop&#8221; border_width_all_phone=&#8221;0px&#8221; border_width_all_last_edited=&#8221;on|desktop&#8221; border_width_bottom_phone=&#8221;5px&#8221; border_width_bottom_last_edited=&#8221;on|phone&#8221; hover_transition_delay_last_edited=&#8221;off|desktop&#8221; header_text_color__hover=&#8221;#a6ce39&#8243; header_text_color__hover_enabled=&#8221;on&#8221;]<\/p>\n<p style=\"text-align: center;\">Klicka h\u00e4r f\u00f6r att l\u00e4sa mer om vilka omr\u00e5den vi verkar inom<\/p>\n<p>[\/et_pb_blurb][\/et_pb_column][et_pb_column type=&#8221;1_3&#8243; _builder_version=&#8221;3.25&#8243; custom_padding=&#8221;|||&#8221; custom_padding__hover=&#8221;|||&#8221;][et_pb_blurb title=&#8221;teknisk specialistkompetens&#8221; url=&#8221;\/vara-tjanster\/?lang=sv&#8221; module_class=&#8221;zoom-effect&#8221; _builder_version=&#8221;3.25.2&#8243; header_font=&#8221;Oswald|||on|||||&#8221; header_text_align=&#8221;center&#8221; header_text_color=&#8221;#ffffff&#8221; header_font_size=&#8221;28px&#8221; background_image=&#8221;https:\/\/www.profitservices.se\/wp-content\/uploads\/2019\/06\/3.jpg&#8221; border_color_bottom=&#8221;#ffffff&#8221; custom_margin_phone=&#8221;||&#8221; custom_margin_last_edited=&#8221;on|phone&#8221; custom_padding=&#8221;248px|30px|140px|30px||&#8221; link_option_url=&#8221;\/vara-tjanster\/?lang=sv&#8221; background_last_edited=&#8221;off|desktop&#8221; border_width_bottom_phone=&#8221;5px&#8221; border_width_bottom_last_edited=&#8221;on|phone&#8221; hover_transition_delay_last_edited=&#8221;off|desktop&#8221; header_text_color__hover=&#8221;#a6ce39&#8243; header_text_color__hover_enabled=&#8221;on&#8221;]<\/p>\n<p style=\"text-align: center;\">Klicka h\u00e4r f\u00f6r att l\u00e4sa mer om vilka omr\u00e5den som vi verkar inom<\/p>\n<p>[\/et_pb_blurb][\/et_pb_column][et_pb_column type=&#8221;1_3&#8243; module_class=&#8221;blurb-hover2&#8243; _builder_version=&#8221;3.25&#8243; custom_padding=&#8221;||0px|&#8221; custom_padding__hover=&#8221;|||&#8221;][et_pb_blurb title=&#8221;konsulttj\u00e4nster, roller&#8221; url=&#8221;\/vara-tjanster\/?lang=sv&#8221; module_class=&#8221;zoom-effect&#8221; _builder_version=&#8221;3.25.2&#8243; header_font=&#8221;Oswald|||on|||||&#8221; header_text_align=&#8221;center&#8221; header_text_color=&#8221;#ffffff&#8221; header_font_size=&#8221;28px&#8221; background_image=&#8221;https:\/\/www.profitservices.se\/wp-content\/uploads\/2019\/06\/2.jpg&#8221; custom_margin_phone=&#8221;||0px&#8221; custom_margin_last_edited=&#8221;on|phone&#8221; custom_padding=&#8221;248px|30px|140px|30px||&#8221; link_option_url=&#8221;\/vara-tjanster\/?lang=sv&#8221; background_last_edited=&#8221;off|desktop&#8221; hover_transition_delay_last_edited=&#8221;off|desktop&#8221; header_text_color__hover_enabled=&#8221;on&#8221; header_text_color__hover=&#8221;#a6ce39&#8243;]<\/p>\n<p style=\"text-align: center;\">Klicka h\u00e4r f\u00f6r att l\u00e4sa mer om vilka omr\u00e5den som vi verkar inom<\/p>\n<p>[\/et_pb_blurb][\/et_pb_column][\/et_pb_row][\/et_pb_section][et_pb_section fb_built=&#8221;1&#8243; module_id=&#8221;footer_rad&#8221; _builder_version=&#8221;3.24.1&#8243; background_color=&#8221;#393939&#8243; border_width_top=&#8221;1px&#8221; border_color_top=&#8221;#878787&#8243; min_height=&#8221;413px&#8221; custom_margin=&#8221;0px||0px&#8221; global_module=&#8221;6173&#8243; locked=&#8221;off&#8221;][et_pb_row column_structure=&#8221;1_3,1_3,1_3&#8243; use_custom_gutter=&#8221;on&#8221; gutter_width=&#8221;1&#8243; _builder_version=&#8221;3.25.2&#8243; background_size=&#8221;initial&#8221; background_position=&#8221;top_left&#8221; background_repeat=&#8221;repeat&#8221; width=&#8221;90%&#8221; max_width=&#8221;2560px&#8221;][et_pb_column type=&#8221;1_3&#8243; _builder_version=&#8221;3.25.2&#8243; custom_padding=&#8221;|||&#8221; custom_padding_phone=&#8221;||20px&#8221; custom_padding_last_edited=&#8221;on|phone&#8221; custom_padding__hover=&#8221;|||&#8221;][et_pb_image src=&#8221;https:\/\/www.profitservices.se\/wp-content\/uploads\/2019\/06\/header_logo_vit.png&#8221; disabled_on=&#8221;on|on|off&#8221; _builder_version=&#8221;3.25.2&#8243;][\/et_pb_image][\/et_pb_column][et_pb_column type=&#8221;1_3&#8243; _builder_version=&#8221;3.25&#8243; custom_padding=&#8221;|||&#8221; custom_padding__hover=&#8221;|||&#8221;][et_pb_text _builder_version=&#8221;3.24.1&#8243; text_font=&#8221;Oswald|||on|||||&#8221; text_text_color=&#8221;#ffffff&#8221; text_font_size=&#8221;24px&#8221;]<\/p>\n<p>F\u00f6lj oss p\u00e5 Sociala medier<\/p>\n<p>[\/et_pb_text][et_pb_social_media_follow module_id=&#8221;social-bottom&#8221; _builder_version=&#8221;3.25.2&#8243; text_orientation=&#8221;left&#8221; background_layout=&#8221;dark&#8221; custom_margin_phone=&#8221;||40px&#8221; custom_margin_last_edited=&#8221;on|desktop&#8221;][et_pb_social_media_follow_network social_network=&#8221;facebook&#8221; url=&#8221;https:\/\/www.facebook.com\/pages\/Profit-Services\/175666305839926&#8243; _builder_version=&#8221;3.0.106&#8243; background_color=&#8221;#3b5998&#8243; follow_button=&#8221;off&#8221; url_new_window=&#8221;on&#8221;]<\/p>\n<p>Facebook<\/p>\n<p>[\/et_pb_social_media_follow_network][et_pb_social_media_follow_network social_network=&#8221;linkedin&#8221; url=&#8221;https:\/\/www.linkedin.com\/company\/profit-services\/&#8221; _builder_version=&#8221;3.0.106&#8243; background_color=&#8221;#007bb6&#8243; follow_button=&#8221;off&#8221; url_new_window=&#8221;on&#8221;]<\/p>\n<p>LinkedIn<\/p>\n<p>[\/et_pb_social_media_follow_network][\/et_pb_social_media_follow][\/et_pb_column][et_pb_column type=&#8221;1_3&#8243; _builder_version=&#8221;3.25&#8243; custom_padding=&#8221;|||&#8221; custom_padding__hover=&#8221;|||&#8221;][et_pb_text _builder_version=&#8221;3.24.1&#8243; text_font=&#8221;Oswald|||on|||||&#8221; text_text_color=&#8221;#ffffff&#8221; text_font_size=&#8221;24px&#8221;]<\/p>\n<p>Kontakta oss<\/p>\n<p>[\/et_pb_text][et_pb_text _builder_version=&#8221;3.24.1&#8243; text_font=&#8221;Roboto||||||||&#8221; header_2_text_color=&#8221;#878787&#8243; header_2_font_size=&#8221;24px&#8221; header_3_text_color=&#8221;#333333&#8243; header_3_font_size=&#8221;44px&#8221; text_orientation=&#8221;center&#8221; background_layout=&#8221;dark&#8221; module_alignment=&#8221;center&#8221; header_2_font_size_phone=&#8221;22px&#8221; header_2_font_size_last_edited=&#8221;on|desktop&#8221; header_3_font_size_phone=&#8221;36px&#8221; header_3_font_size_last_edited=&#8221;on|phone&#8221;]<\/p>\n<p style=\"text-align: left;\"><a href=\"tel:+46768825865\">+46 (0)768 825865<\/a><\/p>\n<p style=\"text-align: left;\">info@profitservices.se<br \/>\u00c5sbogatan 8<br \/>50336 Bor\u00e5s<\/p>\n<p>[\/et_pb_text][\/et_pb_column][\/et_pb_row][\/et_pb_section]<\/p>\n","protected":false},"excerpt":{"rendered":"<p>V\u00c4LKOMMEN. Varmt v\u00e4lkommen till Profit Services, ett serviceorienterat och h\u00f6gkompetent tj\u00e4nstebolag inom IT. Vi hj\u00e4lper dagligen v\u00e5ra kunder genom att leverera de IT-specialister och IT-l\u00f6sningar som g\u00f6r skillnaden, de som svarar upp mot verksamhetens h\u00f6gt st\u00e4llda krav och aff\u00e4rsm\u00e5l. Varmt v\u00e4lkommen till en IT-leverant\u00f6r vars passionerade hj\u00e4ltar hela tiden str\u00e4cker sig lite l\u00e4ngre, f\u00f6r att [&hellip;]<\/p>\n","protected":false},"author":1,"featured_media":0,"parent":0,"menu_order":0,"comment_status":"closed","ping_status":"closed","template":"","meta":{"_et_pb_use_builder":"on","_et_pb_old_content":"","_et_gb_content_width":"","footnotes":""},"class_list":["post-403","page","type-page","status-publish","hentry"],"yoast_head":"<!-- This site is optimized with the Yoast SEO plugin v27.4 - https:\/\/yoast.com\/product\/yoast-seo-wordpress\/ -->\n<title>Hem - Profit Services<\/title>\n<meta name=\"robots\" content=\"index, follow, max-snippet:-1, max-image-preview:large, max-video-preview:-1\" \/>\n<link rel=\"canonical\" href=\"https:\/\/www.profitservices.se\/sv\/\" \/>\n<meta property=\"og:locale\" content=\"sv_SE\" \/>\n<meta property=\"og:type\" content=\"article\" \/>\n<meta property=\"og:title\" content=\"Hem - Profit Services\" \/>\n<meta property=\"og:description\" content=\"V\u00c4LKOMMEN. Varmt v\u00e4lkommen till Profit Services, ett serviceorienterat och h\u00f6gkompetent tj\u00e4nstebolag inom IT. Vi hj\u00e4lper dagligen v\u00e5ra kunder genom att leverera de IT-specialister och IT-l\u00f6sningar som g\u00f6r skillnaden, de som svarar upp mot verksamhetens h\u00f6gt st\u00e4llda krav och aff\u00e4rsm\u00e5l. Varmt v\u00e4lkommen till en IT-leverant\u00f6r vars passionerade hj\u00e4ltar hela tiden str\u00e4cker sig lite l\u00e4ngre, f\u00f6r att [&hellip;]\" \/>\n<meta property=\"og:url\" content=\"https:\/\/www.profitservices.se\/sv\/\" \/>\n<meta property=\"og:site_name\" content=\"Profit Services\" \/>\n<meta property=\"article:modified_time\" content=\"2019-06-28T11:25:37+00:00\" \/>\n<meta name=\"twitter:card\" content=\"summary_large_image\" \/>\n<meta name=\"twitter:label1\" content=\"Ber\u00e4knad l\u00e4stid\" \/>\n\t<meta name=\"twitter:data1\" content=\"8 minuter\" \/>\n<script type=\"application\/ld+json\" class=\"yoast-schema-graph\">{\"@context\":\"https:\\\/\\\/schema.org\",\"@graph\":[{\"@type\":\"WebPage\",\"@id\":\"https:\\\/\\\/www.profitservices.se\\\/sv\\\/\",\"url\":\"https:\\\/\\\/www.profitservices.se\\\/sv\\\/\",\"name\":\"Hem - Profit Services\",\"isPartOf\":{\"@id\":\"https:\\\/\\\/www.profitservices.se\\\/#website\"},\"datePublished\":\"2017-02-08T12:51:40+00:00\",\"dateModified\":\"2019-06-28T11:25:37+00:00\",\"breadcrumb\":{\"@id\":\"https:\\\/\\\/www.profitservices.se\\\/sv\\\/#breadcrumb\"},\"inLanguage\":\"sv-SE\",\"potentialAction\":[{\"@type\":\"ReadAction\",\"target\":[\"https:\\\/\\\/www.profitservices.se\\\/sv\\\/\"]}]},{\"@type\":\"BreadcrumbList\",\"@id\":\"https:\\\/\\\/www.profitservices.se\\\/sv\\\/#breadcrumb\",\"itemListElement\":[{\"@type\":\"ListItem\",\"position\":1,\"name\":\"Hem\",\"item\":\"https:\\\/\\\/www.profitservices.se\\\/sv\\\/\"},{\"@type\":\"ListItem\",\"position\":2,\"name\":\"Hem\"}]},{\"@type\":\"WebSite\",\"@id\":\"https:\\\/\\\/www.profitservices.se\\\/#website\",\"url\":\"https:\\\/\\\/www.profitservices.se\\\/\",\"name\":\"Profit Services\",\"description\":\"\",\"publisher\":{\"@id\":\"https:\\\/\\\/www.profitservices.se\\\/#organization\"},\"potentialAction\":[{\"@type\":\"SearchAction\",\"target\":{\"@type\":\"EntryPoint\",\"urlTemplate\":\"https:\\\/\\\/www.profitservices.se\\\/?s={search_term_string}\"},\"query-input\":{\"@type\":\"PropertyValueSpecification\",\"valueRequired\":true,\"valueName\":\"search_term_string\"}}],\"inLanguage\":\"sv-SE\"},{\"@type\":\"Organization\",\"@id\":\"https:\\\/\\\/www.profitservices.se\\\/#organization\",\"name\":\"Profit Services\",\"url\":\"https:\\\/\\\/www.profitservices.se\\\/\",\"logo\":{\"@type\":\"ImageObject\",\"inLanguage\":\"sv-SE\",\"@id\":\"https:\\\/\\\/www.profitservices.se\\\/#\\\/schema\\\/logo\\\/image\\\/\",\"url\":\"https:\\\/\\\/www.profitservices.se\\\/wp-content\\\/uploads\\\/2021\\\/04\\\/Profit-logo-gronvit.png\",\"contentUrl\":\"https:\\\/\\\/www.profitservices.se\\\/wp-content\\\/uploads\\\/2021\\\/04\\\/Profit-logo-gronvit.png\",\"width\":566,\"height\":257,\"caption\":\"Profit Services\"},\"image\":{\"@id\":\"https:\\\/\\\/www.profitservices.se\\\/#\\\/schema\\\/logo\\\/image\\\/\"}}]}<\/script>\n<!-- \/ Yoast SEO plugin. -->","yoast_head_json":{"title":"Hem - Profit Services","robots":{"index":"index","follow":"follow","max-snippet":"max-snippet:-1","max-image-preview":"max-image-preview:large","max-video-preview":"max-video-preview:-1"},"canonical":"https:\/\/www.profitservices.se\/sv\/","og_locale":"sv_SE","og_type":"article","og_title":"Hem - Profit Services","og_description":"V\u00c4LKOMMEN. Varmt v\u00e4lkommen till Profit Services, ett serviceorienterat och h\u00f6gkompetent tj\u00e4nstebolag inom IT. Vi hj\u00e4lper dagligen v\u00e5ra kunder genom att leverera de IT-specialister och IT-l\u00f6sningar som g\u00f6r skillnaden, de som svarar upp mot verksamhetens h\u00f6gt st\u00e4llda krav och aff\u00e4rsm\u00e5l. Varmt v\u00e4lkommen till en IT-leverant\u00f6r vars passionerade hj\u00e4ltar hela tiden str\u00e4cker sig lite l\u00e4ngre, f\u00f6r att [&hellip;]","og_url":"https:\/\/www.profitservices.se\/sv\/","og_site_name":"Profit Services","article_modified_time":"2019-06-28T11:25:37+00:00","twitter_card":"summary_large_image","twitter_misc":{"Ber\u00e4knad l\u00e4stid":"8 minuter"},"schema":{"@context":"https:\/\/schema.org","@graph":[{"@type":"WebPage","@id":"https:\/\/www.profitservices.se\/sv\/","url":"https:\/\/www.profitservices.se\/sv\/","name":"Hem - Profit Services","isPartOf":{"@id":"https:\/\/www.profitservices.se\/#website"},"datePublished":"2017-02-08T12:51:40+00:00","dateModified":"2019-06-28T11:25:37+00:00","breadcrumb":{"@id":"https:\/\/www.profitservices.se\/sv\/#breadcrumb"},"inLanguage":"sv-SE","potentialAction":[{"@type":"ReadAction","target":["https:\/\/www.profitservices.se\/sv\/"]}]},{"@type":"BreadcrumbList","@id":"https:\/\/www.profitservices.se\/sv\/#breadcrumb","itemListElement":[{"@type":"ListItem","position":1,"name":"Hem","item":"https:\/\/www.profitservices.se\/sv\/"},{"@type":"ListItem","position":2,"name":"Hem"}]},{"@type":"WebSite","@id":"https:\/\/www.profitservices.se\/#website","url":"https:\/\/www.profitservices.se\/","name":"Profit Services","description":"","publisher":{"@id":"https:\/\/www.profitservices.se\/#organization"},"potentialAction":[{"@type":"SearchAction","target":{"@type":"EntryPoint","urlTemplate":"https:\/\/www.profitservices.se\/?s={search_term_string}"},"query-input":{"@type":"PropertyValueSpecification","valueRequired":true,"valueName":"search_term_string"}}],"inLanguage":"sv-SE"},{"@type":"Organization","@id":"https:\/\/www.profitservices.se\/#organization","name":"Profit Services","url":"https:\/\/www.profitservices.se\/","logo":{"@type":"ImageObject","inLanguage":"sv-SE","@id":"https:\/\/www.profitservices.se\/#\/schema\/logo\/image\/","url":"https:\/\/www.profitservices.se\/wp-content\/uploads\/2021\/04\/Profit-logo-gronvit.png","contentUrl":"https:\/\/www.profitservices.se\/wp-content\/uploads\/2021\/04\/Profit-logo-gronvit.png","width":566,"height":257,"caption":"Profit Services"},"image":{"@id":"https:\/\/www.profitservices.se\/#\/schema\/logo\/image\/"}}]}},"_links":{"self":[{"href":"https:\/\/www.profitservices.se\/sv\/wp-json\/wp\/v2\/pages\/403","targetHints":{"allow":["GET"]}}],"collection":[{"href":"https:\/\/www.profitservices.se\/sv\/wp-json\/wp\/v2\/pages"}],"about":[{"href":"https:\/\/www.profitservices.se\/sv\/wp-json\/wp\/v2\/types\/page"}],"author":[{"embeddable":true,"href":"https:\/\/www.profitservices.se\/sv\/wp-json\/wp\/v2\/users\/1"}],"replies":[{"embeddable":true,"href":"https:\/\/www.profitservices.se\/sv\/wp-json\/wp\/v2\/comments?post=403"}],"version-history":[{"count":872,"href":"https:\/\/www.profitservices.se\/sv\/wp-json\/wp\/v2\/pages\/403\/revisions"}],"predecessor-version":[{"id":31113,"href":"https:\/\/www.profitservices.se\/sv\/wp-json\/wp\/v2\/pages\/403\/revisions\/31113"}],"wp:attachment":[{"href":"https:\/\/www.profitservices.se\/sv\/wp-json\/wp\/v2\/media?parent=403"}],"curies":[{"name":"wp","href":"https:\/\/api.w.org\/{rel}","templated":true}]}}